{"id":2935,"date":"2021-01-24T13:49:50","date_gmt":"2021-01-24T12:49:50","guid":{"rendered":"http:\/\/judoclub-tarare.fr\/?page_id=2935"},"modified":"2024-11-23T14:32:30","modified_gmt":"2024-11-23T13:32:30","slug":"la-boutique-2","status":"publish","type":"page","link":"http:\/\/judoclub-tarare.fr\/index.php\/la-boutique-2\/","title":{"rendered":"LA BOUTIQUE"},"content":{"rendered":"\t\t<div data-elementor-type=\"wp-page\" data-elementor-id=\"2935\" class=\"elementor elementor-2935\" data-elementor-settings=\"[]\">\n\t\t\t\t\t\t<div class=\"elementor-inner\">\n\t\t\t\t\t\t\t<div class=\"elementor-section-wrap\">\n\t\t\t\t\t\t\t<section class=\"elementor-section elementor-top-section elementor-element elementor-element-727ec31 elementor-section-boxed elementor-section-height-default elementor-section-height-default\" data-id=\"727ec31\" data-element_type=\"section\">\n\t\t\t\t\t\t<div class=\"elementor-container elementor-column-gap-default\">\n\t\t\t\t\t\t\t<div class=\"elementor-row\">\n\t\t\t\t\t<div class=\"elementor-column elementor-col-100 elementor-top-column elementor-element elementor-element-4b5c813\" data-id=\"4b5c813\" data-element_type=\"column\">\n\t\t\t<div class=\"elementor-column-wrap elementor-element-populated\">\n\t\t\t\t\t\t\t<div class=\"elementor-widget-wrap\">\n\t\t\t\t\t\t<div class=\"elementor-element elementor-element-233790a elementor-widget elementor-widget-text-editor\" data-id=\"233790a\" data-element_type=\"widget\" data-widget_type=\"text-editor.default\">\n\t\t\t\t<div class=\"elementor-widget-container\">\n\t\t\t\t\t\t\t\t<div class=\"elementor-text-editor elementor-clearfix\">\n\t\t\t\t<p>Portez haut les couleurs du club, retrouvez nos kimonos officiels ainsi que toute la collection Sportswear du club.<\/p>\t\t\t\t\t<\/div>\n\t\t\t\t\t\t<\/div>\n\t\t\t\t<\/div>\n\t\t\t\t\t\t<\/div>\n\t\t\t\t\t<\/div>\n\t\t<\/div>\n\t\t\t\t\t\t\t\t<\/div>\n\t\t\t\t\t<\/div>\n\t\t<\/section>\n\t\t\t\t<section class=\"elementor-section elementor-top-section elementor-element elementor-element-f44c793 elementor-section-boxed elementor-section-height-default elementor-section-height-default\" data-id=\"f44c793\" data-element_type=\"section\">\n\t\t\t\t\t\t<div class=\"elementor-container elementor-column-gap-default\">\n\t\t\t\t\t\t\t<div class=\"elementor-row\">\n\t\t\t\t\t<div class=\"elementor-column elementor-col-100 elementor-top-column elementor-element elementor-element-be01f8f\" data-id=\"be01f8f\" data-element_type=\"column\">\n\t\t\t<div class=\"elementor-column-wrap elementor-element-populated\">\n\t\t\t\t\t\t\t<div class=\"elementor-widget-wrap\">\n\t\t\t\t\t\t<div class=\"elementor-element elementor-element-4a39d17 elementor-arrows-position-inside elementor-pagination-position-outside elementor-widget elementor-widget-image-carousel\" data-id=\"4a39d17\" data-element_type=\"widget\" data-settings=\"{&quot;navigation&quot;:&quot;both&quot;,&quot;autoplay&quot;:&quot;yes&quot;,&quot;pause_on_hover&quot;:&quot;yes&quot;,&quot;pause_on_interaction&quot;:&quot;yes&quot;,&quot;autoplay_speed&quot;:5000,&quot;infinite&quot;:&quot;yes&quot;,&quot;speed&quot;:500}\" data-widget_type=\"image-carousel.default\">\n\t\t\t\t<div class=\"elementor-widget-container\">\n\t\t\t\t\t<div class=\"elementor-image-carousel-wrapper swiper-container\" dir=\"ltr\">\n\t\t\t<div class=\"elementor-image-carousel swiper-wrapper\">\n\t\t\t\t\t\t\t\t<div class=\"swiper-slide\"><a data-elementor-open-lightbox=\"yes\" data-elementor-lightbox-slideshow=\"4a39d17\" data-elementor-lightbox-title=\"PACK COMPETITION\" href=\"http:\/\/judoclub-tarare.fr\/wp-content\/uploads\/2023\/08\/Boutique-pack-competition.png\"><figure class=\"swiper-slide-inner\"><img decoding=\"async\" class=\"swiper-slide-image\" src=\"http:\/\/judoclub-tarare.fr\/wp-content\/uploads\/2023\/08\/Boutique-pack-competition-300x300.png\" alt=\"PACK COMPETITION\" \/><figcaption class=\"elementor-image-carousel-caption\">PACK COMPETITION<\/figcaption><\/figure><\/a><\/div><div class=\"swiper-slide\"><a data-elementor-open-lightbox=\"yes\" data-elementor-lightbox-slideshow=\"4a39d17\" data-elementor-lightbox-title=\"KIMONO ENFANT\" href=\"http:\/\/judoclub-tarare.fr\/wp-content\/uploads\/2023\/08\/Boutique-kimono-enfant-fond-blanc-1.png\"><figure class=\"swiper-slide-inner\"><img decoding=\"async\" class=\"swiper-slide-image\" src=\"http:\/\/judoclub-tarare.fr\/wp-content\/uploads\/2023\/08\/Boutique-kimono-enfant-fond-blanc-1-156x300.png\" alt=\"KIMONO ENFANT\" \/><figcaption class=\"elementor-image-carousel-caption\">KIMONO ENFANT<\/figcaption><\/figure><\/a><\/div><div class=\"swiper-slide\"><a data-elementor-open-lightbox=\"yes\" data-elementor-lightbox-slideshow=\"4a39d17\" data-elementor-lightbox-title=\"KIMONO SUPERSTAR 750 GRS\" href=\"http:\/\/judoclub-tarare.fr\/wp-content\/uploads\/2023\/08\/Boutique-kimon-fond-blanc.png\"><figure class=\"swiper-slide-inner\"><img decoding=\"async\" class=\"swiper-slide-image\" src=\"http:\/\/judoclub-tarare.fr\/wp-content\/uploads\/2023\/08\/Boutique-kimon-fond-blanc-179x300.png\" alt=\"KIMONO SUPERSTAR 750 GRS\" \/><figcaption class=\"elementor-image-carousel-caption\">KIMONO SUPERSTAR 750 GRS<\/figcaption><\/figure><\/a><\/div><div class=\"swiper-slide\"><a data-elementor-open-lightbox=\"yes\" data-elementor-lightbox-slideshow=\"4a39d17\" data-elementor-lightbox-title=\"DEBARDEUR DIANA\" href=\"http:\/\/judoclub-tarare.fr\/wp-content\/uploads\/2023\/08\/Boutique-debardeur-fond-blanc.png\"><figure class=\"swiper-slide-inner\"><img decoding=\"async\" class=\"swiper-slide-image\" src=\"http:\/\/judoclub-tarare.fr\/wp-content\/uploads\/2023\/08\/Boutique-debardeur-fond-blanc-300x300.png\" alt=\"DEBARDEUR DIANA (Flocage)\" \/><figcaption class=\"elementor-image-carousel-caption\">DEBARDEUR DIANA (Flocage)<\/figcaption><\/figure><\/a><\/div><div class=\"swiper-slide\"><a data-elementor-open-lightbox=\"yes\" data-elementor-lightbox-slideshow=\"4a39d17\" data-elementor-lightbox-title=\"LEGGING OLIMPIA\" href=\"http:\/\/judoclub-tarare.fr\/wp-content\/uploads\/2024\/11\/Boutique-legging-1.png\"><figure class=\"swiper-slide-inner\"><img decoding=\"async\" class=\"swiper-slide-image\" src=\"http:\/\/judoclub-tarare.fr\/wp-content\/uploads\/2024\/11\/Boutique-legging-1-300x300.png\" alt=\"LEGGING OLIMPIA (Flocage)\" \/><figcaption class=\"elementor-image-carousel-caption\">LEGGING OLIMPIA (Flocage)<\/figcaption><\/figure><\/a><\/div><div class=\"swiper-slide\"><a data-elementor-open-lightbox=\"yes\" data-elementor-lightbox-slideshow=\"4a39d17\" data-elementor-lightbox-title=\"PANTALON FEMME MARE\" href=\"http:\/\/judoclub-tarare.fr\/wp-content\/uploads\/2024\/11\/Pantalon-femme-1.png\"><figure class=\"swiper-slide-inner\"><img decoding=\"async\" class=\"swiper-slide-image\" src=\"http:\/\/judoclub-tarare.fr\/wp-content\/uploads\/2024\/11\/Pantalon-femme-1-300x300.png\" alt=\"PANTALON FEMME MARE (Sans flocage, ni broderie)\" \/><figcaption class=\"elementor-image-carousel-caption\">PANTALON FEMME MARE (Sans flocage, ni broderie)<\/figcaption><\/figure><\/a><\/div><div class=\"swiper-slide\"><a data-elementor-open-lightbox=\"yes\" data-elementor-lightbox-slideshow=\"4a39d17\" data-elementor-lightbox-title=\"SWEAT MONTANA GIRL\" href=\"http:\/\/judoclub-tarare.fr\/wp-content\/uploads\/2023\/08\/Boutique-sweat-fond-blanc.png\"><figure class=\"swiper-slide-inner\"><img decoding=\"async\" class=\"swiper-slide-image\" src=\"http:\/\/judoclub-tarare.fr\/wp-content\/uploads\/2023\/08\/Boutique-sweat-fond-blanc-300x300.png\" alt=\"SWEAT MONTANA GIRL (Broderie)\" \/><figcaption class=\"elementor-image-carousel-caption\">SWEAT MONTANA GIRL (Broderie)<\/figcaption><\/figure><\/a><\/div><div class=\"swiper-slide\"><a data-elementor-open-lightbox=\"yes\" data-elementor-lightbox-slideshow=\"4a39d17\" data-elementor-lightbox-title=\"COUPE VENT TRIVOR GIRL\" href=\"http:\/\/judoclub-tarare.fr\/wp-content\/uploads\/2023\/08\/Boutique-coupe-vent-femme-fond-blanc.png\"><figure class=\"swiper-slide-inner\"><img decoding=\"async\" class=\"swiper-slide-image\" src=\"http:\/\/judoclub-tarare.fr\/wp-content\/uploads\/2023\/08\/Boutique-coupe-vent-femme-fond-blanc-300x300.png\" alt=\"COUPE VENT TRIVOR GIRL (Flocage)\" \/><figcaption class=\"elementor-image-carousel-caption\">COUPE VENT TRIVOR GIRL (Flocage)<\/figcaption><\/figure><\/a><\/div><div class=\"swiper-slide\"><a data-elementor-open-lightbox=\"yes\" data-elementor-lightbox-slideshow=\"4a39d17\" data-elementor-lightbox-title=\"TEE SHIRT CAMPUS III ROUGE\" href=\"http:\/\/judoclub-tarare.fr\/wp-content\/uploads\/2023\/08\/Boutique-tee-shirt-fond-blanc.png\"><figure class=\"swiper-slide-inner\"><img decoding=\"async\" class=\"swiper-slide-image\" src=\"http:\/\/judoclub-tarare.fr\/wp-content\/uploads\/2023\/08\/Boutique-tee-shirt-fond-blanc-234x300.png\" alt=\"TEE SHIRT CAMPUS III ROUGE (Flocage)\" \/><figcaption class=\"elementor-image-carousel-caption\">TEE SHIRT CAMPUS III ROUGE (Flocage)<\/figcaption><\/figure><\/a><\/div><div class=\"swiper-slide\"><a data-elementor-open-lightbox=\"yes\" data-elementor-lightbox-slideshow=\"4a39d17\" data-elementor-lightbox-title=\"SHORT HOMME CHAMPIONSHIP VII\" href=\"http:\/\/judoclub-tarare.fr\/wp-content\/uploads\/2024\/11\/Boutique-short-homme-1.png\"><figure class=\"swiper-slide-inner\"><img decoding=\"async\" class=\"swiper-slide-image\" src=\"http:\/\/judoclub-tarare.fr\/wp-content\/uploads\/2024\/11\/Boutique-short-homme-1-300x300.png\" alt=\"SHORT HOMME CHAMPIONSHIP VII (Flocage)\" \/><figcaption class=\"elementor-image-carousel-caption\">SHORT HOMME CHAMPIONSHIP VII (Flocage)<\/figcaption><\/figure><\/a><\/div><div class=\"swiper-slide\"><a data-elementor-open-lightbox=\"yes\" data-elementor-lightbox-slideshow=\"4a39d17\" data-elementor-lightbox-title=\"PANTALON CARGO CONFORT HOMME\" href=\"http:\/\/judoclub-tarare.fr\/wp-content\/uploads\/2024\/11\/Boutique-pantalon-homme-1.png\"><figure class=\"swiper-slide-inner\"><img decoding=\"async\" class=\"swiper-slide-image\" src=\"http:\/\/judoclub-tarare.fr\/wp-content\/uploads\/2024\/11\/Boutique-pantalon-homme-1-300x300.png\" alt=\"PANTALON CARGO CONFORT HOMME (Sans flocage, ni broderie)\" \/><figcaption class=\"elementor-image-carousel-caption\">PANTALON CARGO CONFORT HOMME (Sans flocage, ni broderie)<\/figcaption><\/figure><\/a><\/div><div class=\"swiper-slide\"><a data-elementor-open-lightbox=\"yes\" data-elementor-lightbox-slideshow=\"4a39d17\" data-elementor-lightbox-title=\"SWEAT CREW V HOMME\" href=\"http:\/\/judoclub-tarare.fr\/wp-content\/uploads\/2024\/11\/Sweat-homme.png\"><figure class=\"swiper-slide-inner\"><img decoding=\"async\" class=\"swiper-slide-image\" src=\"http:\/\/judoclub-tarare.fr\/wp-content\/uploads\/2024\/11\/Sweat-homme-300x300.png\" alt=\"SWEAT CREW V HOMME (Broderie)\" \/><figcaption class=\"elementor-image-carousel-caption\">SWEAT CREW V HOMME (Broderie)<\/figcaption><\/figure><\/a><\/div><div class=\"swiper-slide\"><a data-elementor-open-lightbox=\"yes\" data-elementor-lightbox-slideshow=\"4a39d17\" data-elementor-lightbox-title=\"COUPE VENT TRIVOR\" href=\"http:\/\/judoclub-tarare.fr\/wp-content\/uploads\/2023\/08\/Boutique-coupe-vent-fond-blanc.png\"><figure class=\"swiper-slide-inner\"><img decoding=\"async\" class=\"swiper-slide-image\" src=\"http:\/\/judoclub-tarare.fr\/wp-content\/uploads\/2023\/08\/Boutique-coupe-vent-fond-blanc-300x300.png\" alt=\"COUPE VENT TRIVOR (Flocage)\" \/><figcaption class=\"elementor-image-carousel-caption\">COUPE VENT TRIVOR (Flocage)<\/figcaption><\/figure><\/a><\/div><div class=\"swiper-slide\"><a data-elementor-open-lightbox=\"yes\" data-elementor-lightbox-slideshow=\"4a39d17\" data-elementor-lightbox-title=\"SAC MULTIUSAGE NOIR\" href=\"http:\/\/judoclub-tarare.fr\/wp-content\/uploads\/2023\/08\/Boutique-petit-sac-noir-fond-blanc.png\"><figure class=\"swiper-slide-inner\"><img decoding=\"async\" class=\"swiper-slide-image\" src=\"http:\/\/judoclub-tarare.fr\/wp-content\/uploads\/2023\/08\/Boutique-petit-sac-noir-fond-blanc-300x300.png\" alt=\"SAC MULTIUSAGE NOIR (Flocage)\" \/><figcaption class=\"elementor-image-carousel-caption\">SAC MULTIUSAGE NOIR (Flocage)<\/figcaption><\/figure><\/a><\/div><div class=\"swiper-slide\"><a data-elementor-open-lightbox=\"yes\" data-elementor-lightbox-slideshow=\"4a39d17\" data-elementor-lightbox-title=\"SAC MULTIUSAGE ROUGE\" href=\"http:\/\/judoclub-tarare.fr\/wp-content\/uploads\/2023\/08\/Boutique-petit-sac-rouge-fond-blanc.png\"><figure class=\"swiper-slide-inner\"><img decoding=\"async\" class=\"swiper-slide-image\" src=\"http:\/\/judoclub-tarare.fr\/wp-content\/uploads\/2023\/08\/Boutique-petit-sac-rouge-fond-blanc-300x300.png\" alt=\"SAC MULTIUSAGE ROUGE (Flocage)\" \/><figcaption class=\"elementor-image-carousel-caption\">SAC MULTIUSAGE ROUGE (Flocage)<\/figcaption><\/figure><\/a><\/div>\t\t\t<\/div>\n\t\t\t\t\t\t\t\t\t\t\t\t<div class=\"swiper-pagination\"><\/div>\n\t\t\t\t\t\t\t\t\t\t\t\t\t<div class=\"elementor-swiper-button elementor-swiper-button-prev\">\n\t\t\t\t\t\t<i class=\"eicon-chevron-left\" aria-hidden=\"true\"><\/i>\n\t\t\t\t\t\t<span class=\"elementor-screen-only\">Pr\u00e9c\u00e9dent<\/span>\n\t\t\t\t\t<\/div>\n\t\t\t\t\t<div class=\"elementor-swiper-button elementor-swiper-button-next\">\n\t\t\t\t\t\t<i class=\"eicon-chevron-right\" aria-hidden=\"true\"><\/i>\n\t\t\t\t\t\t<span class=\"elementor-screen-only\">Suivant<\/span>\n\t\t\t\t\t<\/div>\n\t\t\t\t\t\t\t\t\t<\/div>\n\t\t\t\t<\/div>\n\t\t\t\t<\/div>\n\t\t\t\t<div class=\"elementor-element elementor-element-d0b3748 elementor-widget elementor-widget-image\" data-id=\"d0b3748\" data-element_type=\"widget\" data-widget_type=\"image.default\">\n\t\t\t\t<div class=\"elementor-widget-container\">\n\t\t\t\t\t\t\t\t<div class=\"elementor-image\">\n\t\t\t\t\t\t\t\t\t\t\t\t<img decoding=\"async\" width=\"300\" height=\"68\" src=\"http:\/\/judoclub-tarare.fr\/wp-content\/uploads\/2023\/08\/Logo-Fighting-films-et-joma-300x68.png\" class=\"attachment-medium size-medium\" alt=\"\" loading=\"lazy\" srcset=\"http:\/\/judoclub-tarare.fr\/wp-content\/uploads\/2023\/08\/Logo-Fighting-films-et-joma-300x68.png 300w, http:\/\/judoclub-tarare.fr\/wp-content\/uploads\/2023\/08\/Logo-Fighting-films-et-joma-768x173.png 768w, http:\/\/judoclub-tarare.fr\/wp-content\/uploads\/2023\/08\/Logo-Fighting-films-et-joma.png 973w\" sizes=\"(max-width: 300px) 100vw, 300px\" \/>\t\t\t\t\t\t\t\t\t\t\t\t\t\t<\/div>\n\t\t\t\t\t\t<\/div>\n\t\t\t\t<\/div>\n\t\t\t\t\t\t<\/div>\n\t\t\t\t\t<\/div>\n\t\t<\/div>\n\t\t\t\t\t\t\t\t<\/div>\n\t\t\t\t\t<\/div>\n\t\t<\/section>\n\t\t\t\t<section class=\"elementor-section elementor-top-section elementor-element elementor-element-708a7f7 elementor-section-boxed elementor-section-height-default elementor-section-height-default\" data-id=\"708a7f7\" data-element_type=\"section\">\n\t\t\t\t\t\t<div class=\"elementor-container elementor-column-gap-default\">\n\t\t\t\t\t\t\t<div class=\"elementor-row\">\n\t\t\t\t\t<div class=\"elementor-column elementor-col-100 elementor-top-column elementor-element elementor-element-ddb4965\" data-id=\"ddb4965\" data-element_type=\"column\">\n\t\t\t<div class=\"elementor-column-wrap elementor-element-populated\">\n\t\t\t\t\t\t\t<div class=\"elementor-widget-wrap\">\n\t\t\t\t\t\t<div class=\"elementor-element elementor-element-a27d2c1 elementor-widget elementor-widget-text-editor\" data-id=\"a27d2c1\" data-element_type=\"widget\" data-widget_type=\"text-editor.default\">\n\t\t\t\t<div class=\"elementor-widget-container\">\n\t\t\t\t\t\t\t\t<div class=\"elementor-text-editor elementor-clearfix\">\n\t\t\t\t<p>Pack Comp\u00e9tition (prix club de 142,00\u20ac \u00e0 185,00\u20ac en fonction de la taille, hors remise) :<\/p><p><em>A partir de benjamins-minimes, remise exceptionnelle sous certaines conditions, exclusivement r\u00e9serv\u00e9 aux judokas participants aux comp\u00e9titions officielles. Nous consulter pour plus d&rsquo;informations. A commander directement aupr\u00e8s du club.\u00a0\u00a0<\/em><\/p>\t\t\t\t\t<\/div>\n\t\t\t\t\t\t<\/div>\n\t\t\t\t<\/div>\n\t\t\t\t\t\t<\/div>\n\t\t\t\t\t<\/div>\n\t\t<\/div>\n\t\t\t\t\t\t\t\t<\/div>\n\t\t\t\t\t<\/div>\n\t\t<\/section>\n\t\t\t\t<section class=\"elementor-section elementor-top-section elementor-element elementor-element-dc52ac5 elementor-section-boxed elementor-section-height-default elementor-section-height-default\" data-id=\"dc52ac5\" data-element_type=\"section\">\n\t\t\t\t\t\t<div class=\"elementor-container elementor-column-gap-default\">\n\t\t\t\t\t\t\t<div class=\"elementor-row\">\n\t\t\t\t\t<div class=\"elementor-column elementor-col-100 elementor-top-column elementor-element elementor-element-0ebdf02\" data-id=\"0ebdf02\" data-element_type=\"column\">\n\t\t\t<div class=\"elementor-column-wrap elementor-element-populated\">\n\t\t\t\t\t\t\t<div class=\"elementor-widget-wrap\">\n\t\t\t\t\t\t<div class=\"elementor-element elementor-element-cc42763 elementor-widget elementor-widget-text-editor\" data-id=\"cc42763\" data-element_type=\"widget\" data-widget_type=\"text-editor.default\">\n\t\t\t\t<div class=\"elementor-widget-container\">\n\t\t\t\t\t\t\t\t<div class=\"elementor-text-editor elementor-clearfix\">\n\t\t\t\t<p><strong>Comment commander ?<\/strong><\/p><p>Pour les kimonos (hors packs comp\u00e9tition qui sont \u00e0 commander directement aupr\u00e8s du club), dirigez-vous directement chez Sport 2000 \u00e0 Vindry sur Turdine en indiquant que vous venez du \u00ab\u00a0Judo Club Tarare\u00a0\u00bb.<\/p><p>Pour la collection Sportswear, t\u00e9l\u00e9chargez le bon de commande et retournez le au club avec le r\u00e8glement par ch\u00e8que \u00e0 l&rsquo;ordre de \u00ab\u00a0Judo Club Tarare\u00a0\u00bb :<\/p><ul><li>en donnant au professeur ou \u00e0 un membre du bureau<\/li><li>en envoyant par courrier<\/li><li>en mettant dans la bo\u00eete \u00e0 lettres du club<\/li><\/ul>\t\t\t\t\t<\/div>\n\t\t\t\t\t\t<\/div>\n\t\t\t\t<\/div>\n\t\t\t\t\t\t<\/div>\n\t\t\t\t\t<\/div>\n\t\t<\/div>\n\t\t\t\t\t\t\t\t<\/div>\n\t\t\t\t\t<\/div>\n\t\t<\/section>\n\t\t\t\t<section class=\"elementor-section elementor-top-section elementor-element elementor-element-035ea6f elementor-section-boxed elementor-section-height-default elementor-section-height-default\" data-id=\"035ea6f\" data-element_type=\"section\">\n\t\t\t\t\t\t<div class=\"elementor-container elementor-column-gap-default\">\n\t\t\t\t\t\t\t<div class=\"elementor-row\">\n\t\t\t\t\t<div class=\"elementor-column elementor-col-100 elementor-top-column elementor-element elementor-element-d7ea9e1\" data-id=\"d7ea9e1\" data-element_type=\"column\">\n\t\t\t<div class=\"elementor-column-wrap elementor-element-populated\">\n\t\t\t\t\t\t\t<div class=\"elementor-widget-wrap\">\n\t\t\t\t\t\t<div class=\"elementor-element elementor-element-082795b elementor-widget elementor-widget-image\" data-id=\"082795b\" data-element_type=\"widget\" data-widget_type=\"image.default\">\n\t\t\t\t<div class=\"elementor-widget-container\">\n\t\t\t\t\t\t\t\t<div class=\"elementor-image\">\n\t\t\t\t\t\t\t\t\t<figure class=\"wp-caption\">\n\t\t\t\t\t\t\t\t\t\t\t<a href=\"http:\/\/judoclub-tarare.fr\/wp-content\/uploads\/2024\/11\/Bon-de-commande-2024-2025.pdf\" target=\"_blank\">\n\t\t\t\t\t\t\t<img decoding=\"async\" width=\"213\" height=\"300\" src=\"http:\/\/judoclub-tarare.fr\/wp-content\/uploads\/2024\/11\/2024-11-20_22h08_29-213x300.png\" class=\"attachment-medium size-medium\" alt=\"\" loading=\"lazy\" srcset=\"http:\/\/judoclub-tarare.fr\/wp-content\/uploads\/2024\/11\/2024-11-20_22h08_29-213x300.png 213w, http:\/\/judoclub-tarare.fr\/wp-content\/uploads\/2024\/11\/2024-11-20_22h08_29.png 306w\" sizes=\"(max-width: 213px) 100vw, 213px\" \/>\t\t\t\t\t\t\t\t<\/a>\n\t\t\t\t\t\t\t\t\t\t\t<figcaption class=\"widget-image-caption wp-caption-text\">Bon de commande<\/figcaption>\n\t\t\t\t\t\t\t\t\t\t<\/figure>\n\t\t\t\t\t\t\t\t<\/div>\n\t\t\t\t\t\t<\/div>\n\t\t\t\t<\/div>\n\t\t\t\t\t\t<\/div>\n\t\t\t\t\t<\/div>\n\t\t<\/div>\n\t\t\t\t\t\t\t\t<\/div>\n\t\t\t\t\t<\/div>\n\t\t<\/section>\n\t\t\t\t\t\t<\/div>\n\t\t\t\t\t\t<\/div>\n\t\t\t\t\t<\/div>\n\t\t","protected":false},"excerpt":{"rendered":"<p>Portez haut les couleurs du club, retrouvez nos kimonos officiels ainsi que toute la collection Sportswear du club. PACK COMPETITION KIMONO ENFANT KIMONO SUPERSTAR 750 GRS DEBARDEUR DIANA (Flocage) LEGGING [&hellip;]<\/p>\n","protected":false},"author":4,"featured_media":0,"parent":0,"menu_order":0,"comment_status":"closed","ping_status":"closed","template":"","meta":{"_mi_skip_tracking":false,"_exactmetrics_sitenote_active":false,"_exactmetrics_sitenote_note":"","_exactmetrics_sitenote_category":0},"_links":{"self":[{"href":"http:\/\/judoclub-tarare.fr\/index.php\/wp-json\/wp\/v2\/pages\/2935"}],"collection":[{"href":"http:\/\/judoclub-tarare.fr\/index.php\/wp-json\/wp\/v2\/pages"}],"about":[{"href":"http:\/\/judoclub-tarare.fr\/index.php\/wp-json\/wp\/v2\/types\/page"}],"author":[{"embeddable":true,"href":"http:\/\/judoclub-tarare.fr\/index.php\/wp-json\/wp\/v2\/users\/4"}],"replies":[{"embeddable":true,"href":"http:\/\/judoclub-tarare.fr\/index.php\/wp-json\/wp\/v2\/comments?post=2935"}],"version-history":[{"count":84,"href":"http:\/\/judoclub-tarare.fr\/index.php\/wp-json\/wp\/v2\/pages\/2935\/revisions"}],"predecessor-version":[{"id":5029,"href":"http:\/\/judoclub-tarare.fr\/index.php\/wp-json\/wp\/v2\/pages\/2935\/revisions\/5029"}],"wp:attachment":[{"href":"http:\/\/judoclub-tarare.fr\/index.php\/wp-json\/wp\/v2\/media?parent=2935"}],"curies":[{"name":"wp","href":"https:\/\/api.w.org\/{rel}","templated":true}]}}