{"id":10,"date":"2016-07-21T15:26:05","date_gmt":"2016-07-21T14:26:05","guid":{"rendered":"http:\/\/judoclub-tarare.fr\/?page_id=10"},"modified":"2025-08-28T09:29:16","modified_gmt":"2025-08-28T08:29:16","slug":"historique","status":"publish","type":"page","link":"http:\/\/judoclub-tarare.fr\/index.php\/historique\/","title":{"rendered":"HISTORIQUE"},"content":{"rendered":"\t\t<div data-elementor-type=\"wp-post\" data-elementor-id=\"10\" class=\"elementor elementor-10\" data-elementor-settings=\"[]\">\n\t\t\t\t\t\t<div class=\"elementor-inner\">\n\t\t\t\t\t\t\t<div class=\"elementor-section-wrap\">\n\t\t\t\t\t\t\t<section class=\"elementor-section elementor-top-section elementor-element elementor-element-85624d2 elementor-section-boxed elementor-section-height-default elementor-section-height-default\" data-id=\"85624d2\" data-element_type=\"section\">\n\t\t\t\t\t\t<div class=\"elementor-container elementor-column-gap-default\">\n\t\t\t\t\t\t\t<div class=\"elementor-row\">\n\t\t\t\t\t<div class=\"elementor-column elementor-col-100 elementor-top-column elementor-element elementor-element-aa8775f\" data-id=\"aa8775f\" data-element_type=\"column\">\n\t\t\t<div class=\"elementor-column-wrap elementor-element-populated\">\n\t\t\t\t\t\t\t<div class=\"elementor-widget-wrap\">\n\t\t\t\t\t\t<div class=\"elementor-element elementor-element-ba26b3b elementor-widget elementor-widget-image\" data-id=\"ba26b3b\" data-element_type=\"widget\" data-widget_type=\"image.default\">\n\t\t\t\t<div class=\"elementor-widget-container\">\n\t\t\t\t\t\t\t\t<div class=\"elementor-image\">\n\t\t\t\t\t\t\t\t\t\t\t\t<img decoding=\"async\" width=\"1013\" height=\"623\" src=\"http:\/\/judoclub-tarare.fr\/wp-content\/uploads\/2019\/04\/Num\u00e9riser0022.jpg\" class=\"attachment-large size-large\" alt=\"\" loading=\"lazy\" srcset=\"http:\/\/judoclub-tarare.fr\/wp-content\/uploads\/2019\/04\/Num\u00e9riser0022.jpg 1013w, http:\/\/judoclub-tarare.fr\/wp-content\/uploads\/2019\/04\/Num\u00e9riser0022-300x185.jpg 300w, http:\/\/judoclub-tarare.fr\/wp-content\/uploads\/2019\/04\/Num\u00e9riser0022-768x472.jpg 768w\" sizes=\"(max-width: 1013px) 100vw, 1013px\" \/>\t\t\t\t\t\t\t\t\t\t\t\t\t\t<\/div>\n\t\t\t\t\t\t<\/div>\n\t\t\t\t<\/div>\n\t\t\t\t\t\t<\/div>\n\t\t\t\t\t<\/div>\n\t\t<\/div>\n\t\t\t\t\t\t\t\t<\/div>\n\t\t\t\t\t<\/div>\n\t\t<\/section>\n\t\t\t\t<section class=\"elementor-section elementor-top-section elementor-element elementor-element-11635615 elementor-section-boxed elementor-section-height-default elementor-section-height-default\" data-id=\"11635615\" data-element_type=\"section\">\n\t\t\t\t\t\t<div class=\"elementor-container elementor-column-gap-default\">\n\t\t\t\t\t\t\t<div class=\"elementor-row\">\n\t\t\t\t\t<div class=\"elementor-column elementor-col-100 elementor-top-column elementor-element elementor-element-6cc2f906\" data-id=\"6cc2f906\" data-element_type=\"column\">\n\t\t\t<div class=\"elementor-column-wrap elementor-element-populated\">\n\t\t\t\t\t\t\t<div class=\"elementor-widget-wrap\">\n\t\t\t\t\t\t<div class=\"elementor-element elementor-element-7b23015c elementor-widget elementor-widget-text-editor\" data-id=\"7b23015c\" data-element_type=\"widget\" data-widget_type=\"text-editor.default\">\n\t\t\t\t<div class=\"elementor-widget-container\">\n\t\t\t\t\t\t\t\t<div class=\"elementor-text-editor elementor-clearfix\">\n\t\t\t\t<p>C\u2019est en <b>1978 <\/b>que Jean FARJOT, accompagn\u00e9 de quelques parents, cr\u00e9ent l\u2019association <b>Judo Club de Tarare<\/b> suite \u00e0 la dissolution de la MJC \u00e0 laquelle appartenait la section judo de l\u2019\u00e9poque.<\/p><p>Jean restera pr\u00e9sident du club pendant pr\u00e8s de 20 ans puis se succ\u00e8deront Philippe ZANIN, Christian FARJOT, Philippe MANECY, Pascal FARJOT, Xavier Goubet.<\/p><p>Depuis le 1er Octobre 2020, c&rsquo;est Julien EDIEUX, tr\u00e8s investi au <b>Judo Club de Tarare<\/b> depuis de nombreuses ann\u00e9es qui devient pr\u00e9sident. Il forme avec les autres membres du bureau, tous b\u00e9n\u00e9voles comme lui, une \u00e9quipe qui g\u00e8re le club et contribue \u00e0 son bon d\u00e9veloppement. Certains sont pr\u00e9sents depuis de nombreuses ann\u00e9es (Brigitte IMBERT tr\u00e9sori\u00e8re depuis 28 ans )<\/p><p>De nombreux entraineurs se sont succ\u00e9d\u00e9s tout au long de ces ann\u00e9es, tels Joseph RESSOT, Arnaud PERRIER (7<sup>\u00e8me<\/sup> dan, ancien responsable des \u00e9quipes de France Elite) ou encore Patrick NOLIN (3<sup>\u00e8me<\/sup> dan), Thibaut BLANCHARD et Christian FARJOT.<br \/>Aujourd\u2019hui, les entrainements sont assur\u00e9s par \u00a0Th\u00e9o EDIEUX\u00a0 (2<sup>\u00e8me<\/sup> Dan CQP \u00a0 Licence STAPS \u00e9ducation motricit\u00e9 sp\u00e9cialit\u00e9 JUDO),<\/p><p>\u00a0Julien EDIEUX (2<sup>\u00e8me<\/sup> Dan CQP), Jacques IMBERT (4<sup>\u00e8me<\/sup> Dan) aid\u00e9 de Salah AIRED (ceinture verte), Laurent RAY (1<sup>\u00e8re<\/sup> dan pour les katas).\u00a0<\/p><p>Tr\u00e8s attach\u00e9 au club , Gr\u00e9gory RAY (BE 2<sup>\u00e8me<\/sup> degr\u00e9), form\u00e9 au club et enseignant depuis plus de 20 ans, reste professeur superviseur du club et intervient ponctuellement pour des s\u00e9ances sp\u00e9cifiques et passage de grades.<\/p><p>N&rsquo;oublions pas Paul MALI avec qui nous avons tant partag\u00e9. Nous pensons toujours \u00e0 toi\u2026Tu nous manques\u2026<\/p><p>Le <b>Judo Club de Tarare<\/b> s\u2019est construit, d\u00e9velopp\u00e9 et continue encore de progresser gr\u00e2ce \u00e0 ses passionn\u00e9s, \u00e0 leurs proches, \u00e0 tous ceux qui, un jour, ont partag\u00e9 une tranche de leur vie avec lui. Cette diversit\u00e9 d\u2019hommes et de femmes venus de cultures et d\u2019horizons diff\u00e9rents lui apportent une vision large du judo et de ses valeurs.<br \/>Toutes ces richesses en font un acteur majeur de la <b>F\u00e9d\u00e9ration Fran\u00e7aise de Judo et Disciplines Associ\u00e9es<\/b>.<\/p><p>Le club est r\u00e9guli\u00e8rement pr\u00e9sent chez les jeunes, sur la sc\u00e8ne r\u00e9gionale et nationale et les v\u00e9t\u00e9rans ne sont pas en reste puisqu&rsquo;ils participent r\u00e9guli\u00e8rement aux comp\u00e9titions nationales et internationales : championnats du monde 2008 en Belgique et 2014 en Espagne.<\/p><p>Le <b>Judo Club de Tarare<\/b> enseigne un judo de loisir et\/ou de pr\u00e9paration \u00e0 la comp\u00e9tition.<\/p><p>Il a form\u00e9 une cinquantaine de ceintures noires, a permis \u00e0 certains judokas d&rsquo;int\u00e9grer SPORT ETUDE ou un circuit technique et \u00e0 d&rsquo;autres de devenir professeurs d&rsquo;\u00e9tat.<\/p><p>Tout cela dans le respect et le plaisir.<\/p>\t\t\t\t\t<\/div>\n\t\t\t\t\t\t<\/div>\n\t\t\t\t<\/div>\n\t\t\t\t\t\t<\/div>\n\t\t\t\t\t<\/div>\n\t\t<\/div>\n\t\t\t\t\t\t\t\t<\/div>\n\t\t\t\t\t<\/div>\n\t\t<\/section>\n\t\t\t\t\t\t<\/div>\n\t\t\t\t\t\t<\/div>\n\t\t\t\t\t<\/div>\n\t\t","protected":false},"excerpt":{"rendered":"<p>C\u2019est en 1978 que Jean FARJOT, accompagn\u00e9 de quelques parents, cr\u00e9ent l\u2019association Judo Club de Tarare suite \u00e0 la dissolution de la MJC \u00e0 laquelle appartenait la section judo de [&hellip;]<\/p>\n","protected":false},"author":1,"featured_media":0,"parent":0,"menu_order":0,"comment_status":"closed","ping_status":"closed","template":"","meta":{"_mi_skip_tracking":false,"_exactmetrics_sitenote_active":false,"_exactmetrics_sitenote_note":"","_exactmetrics_sitenote_category":0},"_links":{"self":[{"href":"http:\/\/judoclub-tarare.fr\/index.php\/wp-json\/wp\/v2\/pages\/10"}],"collection":[{"href":"http:\/\/judoclub-tarare.fr\/index.php\/wp-json\/wp\/v2\/pages"}],"about":[{"href":"http:\/\/judoclub-tarare.fr\/index.php\/wp-json\/wp\/v2\/types\/page"}],"author":[{"embeddable":true,"href":"http:\/\/judoclub-tarare.fr\/index.php\/wp-json\/wp\/v2\/users\/1"}],"replies":[{"embeddable":true,"href":"http:\/\/judoclub-tarare.fr\/index.php\/wp-json\/wp\/v2\/comments?post=10"}],"version-history":[{"count":53,"href":"http:\/\/judoclub-tarare.fr\/index.php\/wp-json\/wp\/v2\/pages\/10\/revisions"}],"predecessor-version":[{"id":5170,"href":"http:\/\/judoclub-tarare.fr\/index.php\/wp-json\/wp\/v2\/pages\/10\/revisions\/5170"}],"wp:attachment":[{"href":"http:\/\/judoclub-tarare.fr\/index.php\/wp-json\/wp\/v2\/media?parent=10"}],"curies":[{"name":"wp","href":"https:\/\/api.w.org\/{rel}","templated":true}]}}